{"id":61971,"date":"2021-04-15T09:44:48","date_gmt":"2021-04-15T09:44:48","guid":{"rendered":"https:\/\/effebivtr.it\/la-compagnie\/qui-sommes-nous\/projets-de-recherche\/revyta\/"},"modified":"2021-09-30T09:22:12","modified_gmt":"2021-09-30T09:22:12","slug":"revyta","status":"publish","type":"page","link":"https:\/\/effebivtr.it\/fr\/la-compagnie\/qui-sommes-nous\/projets-de-recherche\/revyta\/","title":{"rendered":"REVYTA"},"content":{"rendered":"<p>[vc_row css=\u00a0\u00bb.vc_custom_1616608351437{margin-top: -40px !important;margin-bottom: 30px !important;}\u00a0\u00bb][vc_column]<style type=\"text\/css\" data-type=\"the7_shortcodes-inline-css\">.dt-breadcrumbs-id-ad2d37638cbfd8612cfd83bd5017d3e4 .breadcrumbs {\n  display: inline-block;\n  margin: 0;\n  padding: 2px 10px 2px 10px;\n  border: 0px solid ;\n  border-radius: 0px;\n}\n.dt-breadcrumbs-id-ad2d37638cbfd8612cfd83bd5017d3e4 .breadcrumbs * {\n  text-transform: uppercase;\n  color: #a2a5a6;\n}\n<\/style><div class=\"dt-breadcrumbs-shortcode dt-breadcrumbs-id-ad2d37638cbfd8612cfd83bd5017d3e4 align-centre\"><div class=\"assistive-text\">Vous \u00eates ici :<\/div><ol class=\"breadcrumbs text-small\" itemscope itemtype=\"https:\/\/schema.org\/BreadcrumbList\"><li itemprop=\"itemListElement\" itemscope itemtype=\"https:\/\/schema.org\/ListItem\"><a itemprop=\"item\" href=\"https:\/\/effebivtr.it\/fr\/\" title=\"\"><span itemprop=\"name\">Accueil<\/span><\/a><meta itemprop=\"position\" content=\"1\" \/><\/li><li class=\"current\" itemprop=\"itemListElement\" itemscope itemtype=\"https:\/\/schema.org\/ListItem\"><span itemprop=\"name\">Page<\/span><meta itemprop=\"position\" content=\"2\" \/><\/li><\/ol><\/div>[vc_custom_heading text=\u00a0\u00bbProjet de Recherche \u00a0\u00bb font_container=\u00a0\u00bbtag:h1|font_size:25|text_align:center\u00a0\u00bb use_theme_fonts=\u00a0\u00bbyes\u00a0\u00bb css=\u00a0\u00bb.vc_custom_1632993284942{margin-top: 20px !important;}\u00a0\u00bb][vc_column_text css=\u00a0\u00bb.vc_custom_1632993325897{margin-bottom: 30px !important;}\u00a0\u00bb]<\/p>\n<h1 style=\"text-align: center;\"><span style=\"font-size: 18pt;\"><strong>Projet de Recherche REVYTA \u2013 REcup\u00e9ration fibre de Verre Yacht Trains cAmping-car<\/strong><\/span><\/h1>\n<p>[\/vc_column_text][\/vc_column][\/vc_row][vc_row css=\u00a0\u00bb.vc_custom_1616599245092{margin-top: -50px !important;}\u00a0\u00bb][vc_column][vc_column_text]<span style=\"font-size: 12pt;\">Le projet REVYTA (REcup\u00e9ration fibre de Verre Yacht Trains cAmping-car) vise \u00e0 d\u00e9velopper de nouvelles opportunit\u00e9s de march\u00e9, en apportant une solution \u00e0 l\u2019un des probl\u00e8mes environnementaux les plus d\u00e9licats et non r\u00e9solus \u00e0 ce jour (la gestion des d\u00e9chets de fibre de verre).<\/span><\/p>\n<p><span style=\"font-size: 12pt;\">L\u2019objectif de ce projet est de proposer un mod\u00e8le industriel et \u00e9co-durable de recyclage de la fibre de verre, encore inexistant en Europe, \u00e0 travers le d\u00e9mant\u00e8lement, l\u2019\u00e9limination et recyclage de la fibre de verre utilis\u00e9e dans le secteur nautique (bateaux), dans le secteur automobile (camping-cars) et dans les transports (voitures de chemin de fer).<\/span><\/p>\n<p><span style=\"font-size: 12pt;\">Parall\u00e8lement, des \u00e9tudes d\u2019\u00e9coconception permettront d\u2019optimiser la production des composants, en termes de formes et de mat\u00e9riaux alternatifs, afin de permettre en suite, leur plus simple et \u00e9conomique d\u00e9montage, r\u00e9cuperation et recyclage.<\/span><\/p>\n<p><span style=\"font-size: 12pt;\">Le projet, dans la deuxi\u00e8me phase, exp\u00e9rimentera toutes ces solutions d\u2019automatisation et robotique, selon la \u201cStrategia Industria 4.0\u201d, qui pourront \u00eatre utiles pour acc\u00e9l\u00e9rer la d\u00e9coupe des parties en fibre de verre, en \u00e9vitant op\u00e9rations dangereuses pour la sant\u00e9 des travailleurs, en \u00e9levant les qualifications professionels du personnel employ\u00e9 et en r\u00e9duisant drastiquement les co\u00fbts.<\/span><\/p>\n<p><span style=\"font-size: 12pt;\">REVYTA est un Projet r\u00e9alis\u00e9 par l\u2019A.T.S. form\u00e9 par EFFEBI Spa, leader, et par les partenaires DIFE Spa, Sniap Srl, Flashpoint Srl, Consorzio Polo Tecnologico Magona, \u00c9cole Sup\u00e9rieure d\u2019\u00c9tudes Universitaires et de Perfectionnement S. Anna Institut de Biorobotique et D\u00e9partement d\u2019Architecture de l\u2019 Universit\u00e9 de Pise.<\/span><\/p>\n<p style=\"text-align: center;\"><span style=\"font-size: 12pt;\"><strong>Projet cofinanc\u00e9 par POR FESR Toscane 2014-2020<\/strong><\/span><\/p>\n<p>[\/vc_column_text][vc_video link=\u00a0\u00bbhttps:\/\/www.youtube.com\/watch?v=VJm2L7kFMAc\u00a0\u00bb align=\u00a0\u00bbcenter\u00a0\u00bb css=\u00a0\u00bb.vc_custom_1616583598216{margin-top: 30px !important;margin-bottom: 30px !important;}\u00a0\u00bb][vc_single_image image=\u00a0\u00bb58819&Prime; img_size=\u00a0\u00bbfull\u00a0\u00bb alignment=\u00a0\u00bbcenter\u00a0\u00bb css=\u00a0\u00bb.vc_custom_1616583554071{margin-top: 20px !important;}\u00a0\u00bb][vc_single_image image=\u00a0\u00bb58821&Prime; img_size=\u00a0\u00bbfull\u00a0\u00bb alignment=\u00a0\u00bbcenter\u00a0\u00bb css=\u00a0\u00bb.vc_custom_1616583621072{margin-top: 30px !important;}\u00a0\u00bb][\/vc_column][\/vc_row][vc_row][vc_column][\/vc_column][\/vc_row]<\/p>\n","protected":false},"excerpt":{"rendered":"<p>[vc_row css=\u00a0\u00bb.vc_custom_1616608351437{margin-top: -40px !important;margin-bottom: 30px !important;}\u00a0\u00bb][vc_column][vc_custom_heading text=\u00a0\u00bbProjet de Recherche \u00a0\u00bb font_container=\u00a0\u00bbtag:h1|font_size:25|text_align:center\u00a0\u00bb use_theme_fonts=\u00a0\u00bbyes\u00a0\u00bb css=\u00a0\u00bb.vc_custom_1632993284942{margin-top: 20px !important;}\u00a0\u00bb][vc_column_text css=\u00a0\u00bb.vc_custom_1632993325897{margin-bottom: 30px !important;}\u00a0\u00bb] Projet de Recherche REVYTA \u2013 REcup\u00e9ration fibre de Verre Yacht Trains cAmping-car [\/vc_column_text][\/vc_column][\/vc_row][vc_row css=\u00a0\u00bb.vc_custom_1616599245092{margin-top: -50px !important;}\u00a0\u00bb][vc_column][vc_column_text]Le projet REVYTA (REcup\u00e9ration fibre de Verre Yacht Trains cAmping-car) vise \u00e0 d\u00e9velopper de nouvelles opportunit\u00e9s de march\u00e9, en apportant une solution&hellip;<\/p>\n","protected":false},"author":1,"featured_media":60906,"parent":60914,"menu_order":0,"comment_status":"closed","ping_status":"closed","template":"","meta":[],"class_list":["post-61971","page","type-page","status-publish","has-post-thumbnail","hentry","description-off"],"yoast_head":"<!-- This site is optimized with the Yoast SEO plugin v27.3 - https:\/\/yoast.com\/product\/yoast-seo-wordpress\/ -->\n<title>Projet de Recherche REVYTA \u2013 REcup\u00e9ration fibre de Verre Yacht Trains cAmping-car<\/title>\n<meta name=\"robots\" content=\"index, follow, max-snippet:-1, max-image-preview:large, max-video-preview:-1\" \/>\n<link rel=\"canonical\" href=\"https:\/\/effebivtr.it\/fr\/la-compagnie\/qui-sommes-nous\/projets-de-recherche\/revyta\/\" \/>\n<meta property=\"og:locale\" content=\"fr_FR\" \/>\n<meta property=\"og:type\" content=\"article\" \/>\n<meta property=\"og:title\" content=\"Projet de Recherche REVYTA \u2013 REcup\u00e9ration fibre de Verre Yacht Trains cAmping-car\" \/>\n<meta property=\"og:description\" content=\"[vc_row css=\u00a0\u00bb.vc_custom_1616608351437{margin-top: -40px !important;margin-bottom: 30px !important;}\u00a0\u00bb][vc_column][vc_custom_heading text=\u00a0\u00bbProjet de Recherche \u00a0\u00bb font_container=\u00a0\u00bbtag:h1|font_size:25|text_align:center\u00a0\u00bb use_theme_fonts=\u00a0\u00bbyes\u00a0\u00bb css=\u00a0\u00bb.vc_custom_1632993284942{margin-top: 20px !important;}\u00a0\u00bb][vc_column_text css=\u00a0\u00bb.vc_custom_1632993325897{margin-bottom: 30px !important;}\u00a0\u00bb] Projet de Recherche REVYTA \u2013 REcup\u00e9ration fibre de Verre Yacht Trains cAmping-car [\/vc_column_text][\/vc_column][\/vc_row][vc_row css=\u00a0\u00bb.vc_custom_1616599245092{margin-top: -50px !important;}\u00a0\u00bb][vc_column][vc_column_text]Le projet REVYTA (REcup\u00e9ration fibre de Verre Yacht Trains cAmping-car) vise \u00e0 d\u00e9velopper de nouvelles opportunit\u00e9s de march\u00e9, en apportant une solution&hellip;\" \/>\n<meta property=\"og:url\" content=\"https:\/\/effebivtr.it\/fr\/la-compagnie\/qui-sommes-nous\/projets-de-recherche\/revyta\/\" \/>\n<meta property=\"og:site_name\" content=\"Effebi Spa\" \/>\n<meta property=\"article:modified_time\" content=\"2021-09-30T09:22:12+00:00\" \/>\n<meta property=\"og:image\" content=\"https:\/\/effebivtr.it\/wp-content\/uploads\/2021\/04\/REVYTA.jpg\" \/>\n\t<meta property=\"og:image:width\" content=\"1137\" \/>\n\t<meta property=\"og:image:height\" content=\"697\" \/>\n\t<meta property=\"og:image:type\" content=\"image\/jpeg\" \/>\n<meta name=\"twitter:card\" content=\"summary_large_image\" \/>\n<meta name=\"twitter:label1\" content=\"Dur\u00e9e de lecture estim\u00e9e\" \/>\n\t<meta name=\"twitter:data1\" content=\"2 minutes\" \/>\n<script type=\"application\/ld+json\" class=\"yoast-schema-graph\">{\"@context\":\"https:\\\/\\\/schema.org\",\"@graph\":[{\"@type\":\"WebPage\",\"@id\":\"https:\\\/\\\/effebivtr.it\\\/fr\\\/la-compagnie\\\/qui-sommes-nous\\\/projets-de-recherche\\\/revyta\\\/\",\"url\":\"https:\\\/\\\/effebivtr.it\\\/fr\\\/la-compagnie\\\/qui-sommes-nous\\\/projets-de-recherche\\\/revyta\\\/\",\"name\":\"Projet de Recherche REVYTA \u2013 REcup\u00e9ration fibre de Verre Yacht Trains cAmping-car\",\"isPartOf\":{\"@id\":\"https:\\\/\\\/effebivtr.it\\\/fr\\\/#website\"},\"primaryImageOfPage\":{\"@id\":\"https:\\\/\\\/effebivtr.it\\\/fr\\\/la-compagnie\\\/qui-sommes-nous\\\/projets-de-recherche\\\/revyta\\\/#primaryimage\"},\"image\":{\"@id\":\"https:\\\/\\\/effebivtr.it\\\/fr\\\/la-compagnie\\\/qui-sommes-nous\\\/projets-de-recherche\\\/revyta\\\/#primaryimage\"},\"thumbnailUrl\":\"https:\\\/\\\/effebivtr.it\\\/wp-content\\\/uploads\\\/2021\\\/04\\\/REVYTA.jpg\",\"datePublished\":\"2021-04-15T09:44:48+00:00\",\"dateModified\":\"2021-09-30T09:22:12+00:00\",\"breadcrumb\":{\"@id\":\"https:\\\/\\\/effebivtr.it\\\/fr\\\/la-compagnie\\\/qui-sommes-nous\\\/projets-de-recherche\\\/revyta\\\/#breadcrumb\"},\"inLanguage\":\"fr-FR\",\"potentialAction\":[{\"@type\":\"ReadAction\",\"target\":[\"https:\\\/\\\/effebivtr.it\\\/fr\\\/la-compagnie\\\/qui-sommes-nous\\\/projets-de-recherche\\\/revyta\\\/\"]}]},{\"@type\":\"ImageObject\",\"inLanguage\":\"fr-FR\",\"@id\":\"https:\\\/\\\/effebivtr.it\\\/fr\\\/la-compagnie\\\/qui-sommes-nous\\\/projets-de-recherche\\\/revyta\\\/#primaryimage\",\"url\":\"https:\\\/\\\/effebivtr.it\\\/wp-content\\\/uploads\\\/2021\\\/04\\\/REVYTA.jpg\",\"contentUrl\":\"https:\\\/\\\/effebivtr.it\\\/wp-content\\\/uploads\\\/2021\\\/04\\\/REVYTA.jpg\",\"width\":1137,\"height\":697},{\"@type\":\"BreadcrumbList\",\"@id\":\"https:\\\/\\\/effebivtr.it\\\/fr\\\/la-compagnie\\\/qui-sommes-nous\\\/projets-de-recherche\\\/revyta\\\/#breadcrumb\",\"itemListElement\":[{\"@type\":\"ListItem\",\"position\":1,\"name\":\"Home\",\"item\":\"https:\\\/\\\/effebivtr.it\\\/fr\\\/\"},{\"@type\":\"ListItem\",\"position\":2,\"name\":\"La compagnie\",\"item\":\"https:\\\/\\\/effebivtr.it\\\/fr\\\/la-compagnie\\\/\"},{\"@type\":\"ListItem\",\"position\":3,\"name\":\"Qui sommes-nous\",\"item\":\"https:\\\/\\\/effebivtr.it\\\/fr\\\/la-compagnie\\\/qui-sommes-nous\\\/\"},{\"@type\":\"ListItem\",\"position\":4,\"name\":\"Projets de recherche\",\"item\":\"https:\\\/\\\/effebivtr.it\\\/fr\\\/la-compagnie\\\/qui-sommes-nous\\\/projets-de-recherche\\\/\"},{\"@type\":\"ListItem\",\"position\":5,\"name\":\"REVYTA\"}]},{\"@type\":\"WebSite\",\"@id\":\"https:\\\/\\\/effebivtr.it\\\/fr\\\/#website\",\"url\":\"https:\\\/\\\/effebivtr.it\\\/fr\\\/\",\"name\":\"Effebi Spa\",\"description\":\"Cantiere Navale Viareggio\",\"potentialAction\":[{\"@type\":\"SearchAction\",\"target\":{\"@type\":\"EntryPoint\",\"urlTemplate\":\"https:\\\/\\\/effebivtr.it\\\/fr\\\/?s={search_term_string}\"},\"query-input\":{\"@type\":\"PropertyValueSpecification\",\"valueRequired\":true,\"valueName\":\"search_term_string\"}}],\"inLanguage\":\"fr-FR\"}]}<\/script>\n<!-- \/ Yoast SEO plugin. -->","yoast_head_json":{"title":"Projet de Recherche REVYTA \u2013 REcup\u00e9ration fibre de Verre Yacht Trains cAmping-car","robots":{"index":"index","follow":"follow","max-snippet":"max-snippet:-1","max-image-preview":"max-image-preview:large","max-video-preview":"max-video-preview:-1"},"canonical":"https:\/\/effebivtr.it\/fr\/la-compagnie\/qui-sommes-nous\/projets-de-recherche\/revyta\/","og_locale":"fr_FR","og_type":"article","og_title":"Projet de Recherche REVYTA \u2013 REcup\u00e9ration fibre de Verre Yacht Trains cAmping-car","og_description":"[vc_row css=\u00a0\u00bb.vc_custom_1616608351437{margin-top: -40px !important;margin-bottom: 30px !important;}\u00a0\u00bb][vc_column][vc_custom_heading text=\u00a0\u00bbProjet de Recherche \u00a0\u00bb font_container=\u00a0\u00bbtag:h1|font_size:25|text_align:center\u00a0\u00bb use_theme_fonts=\u00a0\u00bbyes\u00a0\u00bb css=\u00a0\u00bb.vc_custom_1632993284942{margin-top: 20px !important;}\u00a0\u00bb][vc_column_text css=\u00a0\u00bb.vc_custom_1632993325897{margin-bottom: 30px !important;}\u00a0\u00bb] Projet de Recherche REVYTA \u2013 REcup\u00e9ration fibre de Verre Yacht Trains cAmping-car [\/vc_column_text][\/vc_column][\/vc_row][vc_row css=\u00a0\u00bb.vc_custom_1616599245092{margin-top: -50px !important;}\u00a0\u00bb][vc_column][vc_column_text]Le projet REVYTA (REcup\u00e9ration fibre de Verre Yacht Trains cAmping-car) vise \u00e0 d\u00e9velopper de nouvelles opportunit\u00e9s de march\u00e9, en apportant une solution&hellip;","og_url":"https:\/\/effebivtr.it\/fr\/la-compagnie\/qui-sommes-nous\/projets-de-recherche\/revyta\/","og_site_name":"Effebi Spa","article_modified_time":"2021-09-30T09:22:12+00:00","og_image":[{"width":1137,"height":697,"url":"https:\/\/effebivtr.it\/wp-content\/uploads\/2021\/04\/REVYTA.jpg","type":"image\/jpeg"}],"twitter_card":"summary_large_image","twitter_misc":{"Dur\u00e9e de lecture estim\u00e9e":"2 minutes"},"schema":{"@context":"https:\/\/schema.org","@graph":[{"@type":"WebPage","@id":"https:\/\/effebivtr.it\/fr\/la-compagnie\/qui-sommes-nous\/projets-de-recherche\/revyta\/","url":"https:\/\/effebivtr.it\/fr\/la-compagnie\/qui-sommes-nous\/projets-de-recherche\/revyta\/","name":"Projet de Recherche REVYTA \u2013 REcup\u00e9ration fibre de Verre Yacht Trains cAmping-car","isPartOf":{"@id":"https:\/\/effebivtr.it\/fr\/#website"},"primaryImageOfPage":{"@id":"https:\/\/effebivtr.it\/fr\/la-compagnie\/qui-sommes-nous\/projets-de-recherche\/revyta\/#primaryimage"},"image":{"@id":"https:\/\/effebivtr.it\/fr\/la-compagnie\/qui-sommes-nous\/projets-de-recherche\/revyta\/#primaryimage"},"thumbnailUrl":"https:\/\/effebivtr.it\/wp-content\/uploads\/2021\/04\/REVYTA.jpg","datePublished":"2021-04-15T09:44:48+00:00","dateModified":"2021-09-30T09:22:12+00:00","breadcrumb":{"@id":"https:\/\/effebivtr.it\/fr\/la-compagnie\/qui-sommes-nous\/projets-de-recherche\/revyta\/#breadcrumb"},"inLanguage":"fr-FR","potentialAction":[{"@type":"ReadAction","target":["https:\/\/effebivtr.it\/fr\/la-compagnie\/qui-sommes-nous\/projets-de-recherche\/revyta\/"]}]},{"@type":"ImageObject","inLanguage":"fr-FR","@id":"https:\/\/effebivtr.it\/fr\/la-compagnie\/qui-sommes-nous\/projets-de-recherche\/revyta\/#primaryimage","url":"https:\/\/effebivtr.it\/wp-content\/uploads\/2021\/04\/REVYTA.jpg","contentUrl":"https:\/\/effebivtr.it\/wp-content\/uploads\/2021\/04\/REVYTA.jpg","width":1137,"height":697},{"@type":"BreadcrumbList","@id":"https:\/\/effebivtr.it\/fr\/la-compagnie\/qui-sommes-nous\/projets-de-recherche\/revyta\/#breadcrumb","itemListElement":[{"@type":"ListItem","position":1,"name":"Home","item":"https:\/\/effebivtr.it\/fr\/"},{"@type":"ListItem","position":2,"name":"La compagnie","item":"https:\/\/effebivtr.it\/fr\/la-compagnie\/"},{"@type":"ListItem","position":3,"name":"Qui sommes-nous","item":"https:\/\/effebivtr.it\/fr\/la-compagnie\/qui-sommes-nous\/"},{"@type":"ListItem","position":4,"name":"Projets de recherche","item":"https:\/\/effebivtr.it\/fr\/la-compagnie\/qui-sommes-nous\/projets-de-recherche\/"},{"@type":"ListItem","position":5,"name":"REVYTA"}]},{"@type":"WebSite","@id":"https:\/\/effebivtr.it\/fr\/#website","url":"https:\/\/effebivtr.it\/fr\/","name":"Effebi Spa","description":"Cantiere Navale Viareggio","potentialAction":[{"@type":"SearchAction","target":{"@type":"EntryPoint","urlTemplate":"https:\/\/effebivtr.it\/fr\/?s={search_term_string}"},"query-input":{"@type":"PropertyValueSpecification","valueRequired":true,"valueName":"search_term_string"}}],"inLanguage":"fr-FR"}]}},"_links":{"self":[{"href":"https:\/\/effebivtr.it\/fr\/wp-json\/wp\/v2\/pages\/61971","targetHints":{"allow":["GET"]}}],"collection":[{"href":"https:\/\/effebivtr.it\/fr\/wp-json\/wp\/v2\/pages"}],"about":[{"href":"https:\/\/effebivtr.it\/fr\/wp-json\/wp\/v2\/types\/page"}],"author":[{"embeddable":true,"href":"https:\/\/effebivtr.it\/fr\/wp-json\/wp\/v2\/users\/1"}],"replies":[{"embeddable":true,"href":"https:\/\/effebivtr.it\/fr\/wp-json\/wp\/v2\/comments?post=61971"}],"version-history":[{"count":3,"href":"https:\/\/effebivtr.it\/fr\/wp-json\/wp\/v2\/pages\/61971\/revisions"}],"predecessor-version":[{"id":62373,"href":"https:\/\/effebivtr.it\/fr\/wp-json\/wp\/v2\/pages\/61971\/revisions\/62373"}],"up":[{"embeddable":true,"href":"https:\/\/effebivtr.it\/fr\/wp-json\/wp\/v2\/pages\/60914"}],"wp:featuredmedia":[{"embeddable":true,"href":"https:\/\/effebivtr.it\/fr\/wp-json\/wp\/v2\/media\/60906"}],"wp:attachment":[{"href":"https:\/\/effebivtr.it\/fr\/wp-json\/wp\/v2\/media?parent=61971"}],"curies":[{"name":"wp","href":"https:\/\/api.w.org\/{rel}","templated":true}]}}